{"id":2815,"date":"2023-11-02T09:20:34","date_gmt":"2023-11-02T08:20:34","guid":{"rendered":"http:\/\/careers.sabik-offshore.com.w01e9f77.kasserver.com\/?page_id=2815"},"modified":"2026-03-30T08:58:35","modified_gmt":"2026-03-30T06:58:35","slug":"ueber-uns","status":"publish","type":"page","link":"https:\/\/careers.sabik-offshore.com\/de\/ueber-uns\/","title":{"rendered":"\u00dcber uns"},"content":{"rendered":"<p>[et_pb_section fb_built=&#8220;1&#8243; _builder_version=&#8220;4.25.2&#8243; _module_preset=&#8220;default&#8220; custom_padding=&#8220;0px|||||&#8220; da_disable_devices=&#8220;off|off|off&#8220; locked=&#8220;off&#8220; global_colors_info=&#8220;{}&#8220; da_is_popup=&#8220;off&#8220; da_exit_intent=&#8220;off&#8220; da_has_close=&#8220;on&#8220; da_alt_close=&#8220;off&#8220; da_dark_close=&#8220;off&#8220; da_not_modal=&#8220;on&#8220; da_is_singular=&#8220;off&#8220; da_with_loader=&#8220;off&#8220; da_has_shadow=&#8220;on&#8220;][et_pb_row column_structure=&#8220;3_5,2_5&#8243; use_custom_gutter=&#8220;on&#8220; gutter_width=&#8220;1&#8243; make_equal=&#8220;on&#8220; custom_padding_last_edited=&#8220;on|tablet&#8220; module_class=&#8220;mobile-col-order&#8220; _builder_version=&#8220;4.27.4&#8243; _module_preset=&#8220;default&#8220; positioning=&#8220;none&#8220; width=&#8220;100%&#8220; max_width=&#8220;1920px&#8220; custom_margin=&#8220;0px||30px||false|false&#8220; custom_padding=&#8220;0px||0px||false|false&#8220; custom_padding_tablet=&#8220;||||false|false&#8220; custom_padding_phone=&#8220;||||false|false&#8220; locked=&#8220;off&#8220; global_colors_info=&#8220;{}&#8220;][et_pb_column type=&#8220;3_5&#8243; module_class=&#8220;mobile-col-2&#8243; _builder_version=&#8220;4.27.4&#8243; _module_preset=&#8220;default&#8220; background_image=&#8220;https:\/\/careers.sabik-offshore.com\/wp-content\/uploads\/2025\/06\/Collage_Schwerin_02-Kopie2.jpg&#8220; background_size=&#8220;contain&#8220; positioning=&#8220;none&#8220; global_colors_info=&#8220;{}&#8220;][et_pb_divider _builder_version=&#8220;4.22.1&#8243; _module_preset=&#8220;default&#8220; background_enable_image=&#8220;off&#8220; min_height=&#8220;60vh&#8220; max_height=&#8220;60vh&#8220; custom_margin=&#8220;|||-108px||&#8220; locked=&#8220;off&#8220; global_colors_info=&#8220;{}&#8220;][\/et_pb_divider][\/et_pb_column][et_pb_column type=&#8220;2_5&#8243; module_class=&#8220;mobile-col-1&#8243; _builder_version=&#8220;4.23&#8243; _module_preset=&#8220;default&#8220; background_color=&#8220;#FFFFFF&#8220; positioning=&#8220;none&#8220; z_index=&#8220;10&#8243; overflow-x=&#8220;hidden&#8220; custom_padding=&#8220;4%|8%|8%|8%|false|false&#8220; custom_padding_tablet=&#8220;12%|8%|2%|8%|false|false&#8220; custom_padding_phone=&#8220;16%||12%||false|false&#8220; custom_padding_last_edited=&#8220;on|tablet&#8220; overflow-x_phone=&#8220;hidden&#8220; overflow-x_last_edited=&#8220;off|desktop&#8220; global_colors_info=&#8220;{}&#8220;][et_pb_text disabled_on=&#8220;off|off|off&#8220; _builder_version=&#8220;4.23&#8243; _module_preset=&#8220;default&#8220; text_font=&#8220;Open Sans SemiCondensed Bold||||||||&#8220; text_font_size=&#8220;30px&#8220; text_line_height=&#8220;1em&#8220; background_color=&#8220;#FABB00&#8243; width=&#8220;167%&#8220; width_tablet=&#8220;167%&#8220; width_phone=&#8220;110%&#8220; width_last_edited=&#8220;on|phone&#8220; overflow-x=&#8220;hidden&#8220; custom_margin=&#8220;||35px||false|false&#8220; custom_padding=&#8220;9px|150px|9px|15px|false|false&#8220; global_colors_info=&#8220;{}&#8220;]<\/p>\n<p>\u00dcBER UNS<\/p>\n<p>[\/et_pb_text][et_pb_text _builder_version=&#8220;4.23&#8243; _module_preset=&#8220;default&#8220; custom_padding=&#8220;0px||20px||false|false&#8220; global_colors_info=&#8220;{}&#8220;]<\/p>\n<p>Der Hauptsitz von Sabik Offshore befindet sich in der bezaubernden Landeshauptstadt von Mecklenburg-Vorpommern &#8211; in Schwerin. Diese Stadt, eingebettet zwischen sieben Seen, bietet nicht nur eine inspirierende Arbeitsumgebung, sondern auch eine sch\u00f6ne Mischung aus Kultur, Natur und Lebensqualit\u00e4t.<\/p>\n<p>[\/et_pb_text][et_pb_text _builder_version=&#8220;4.23&#8243; _module_preset=&#8220;default&#8220; custom_padding=&#8220;||20px||false|false&#8220; global_colors_info=&#8220;{}&#8220;]<\/p>\n<p>Unser Standort in Schwerin ist nicht nur der administrative Mittelpunkt unseres Unternehmen, sondern auch der zentrale Anlaufpunkt f\u00fcr Forschung &amp; Entwicklung sowie die Produktion. Mit \u00fcber 60 engagierten Mitarbeitenden, aus den verschiedensten Kulturen stammend, tragen wir hier dazu bei, Sabik Offshore als f\u00fchrendes Unternehmen in der Offshore Wind Branche zu st\u00e4rken. Wir setzen dabei auf eine enge Zusammenarbeit mit allen Beteiligten und kontinuierliche Innovation.<\/p>\n<p>[\/et_pb_text][et_pb_text _builder_version=&#8220;4.23&#8243; _module_preset=&#8220;default&#8220; global_colors_info=&#8220;{}&#8220;]<\/p>\n<p>Als weltweit f\u00fchrendes Unternehmen sind wir nicht nur in Schwerin pr\u00e4sent, sondern verf\u00fcgen zudem \u00fcber einen Standort in Kopenhagen, D\u00e4nemark und eine Produktionsstelle \u00fcber unsere Tochter Sabik Offshore A\/S in Vejle, D\u00e4nemark. Dar\u00fcber hinaus haben wir Niederlassungen in Schottland, den Niederlanden, den USA, Kanada, Japan und Singapur.<\/p>\n<p>[\/et_pb_text][\/et_pb_column][\/et_pb_row][et_pb_row column_structure=&#8220;2_5,3_5&#8243; use_custom_gutter=&#8220;on&#8220; gutter_width=&#8220;1&#8243; make_equal=&#8220;on&#8220; custom_padding_last_edited=&#8220;on|tablet&#8220; module_class=&#8220;mobile-col-order&#8220; _builder_version=&#8220;4.25.2&#8243; _module_preset=&#8220;default&#8220; positioning=&#8220;none&#8220; width=&#8220;100%&#8220; max_width=&#8220;1920px&#8220; custom_margin=&#8220;0px||30px||false|false&#8220; custom_padding=&#8220;0px||0px||false|false&#8220; custom_padding_tablet=&#8220;||||false|false&#8220; custom_padding_phone=&#8220;||||false|false&#8220; locked=&#8220;off&#8220; global_colors_info=&#8220;{}&#8220;][et_pb_column type=&#8220;2_5&#8243; module_class=&#8220;mobile-col-1&#8243; _builder_version=&#8220;4.23&#8243; _module_preset=&#8220;default&#8220; background_color=&#8220;#FFFFFF&#8220; positioning=&#8220;none&#8220; z_index=&#8220;10&#8243; custom_padding=&#8220;4%|8%|8%|8%|false|false&#8220; custom_padding_tablet=&#8220;12%|8%|2%|8%|false|false&#8220; custom_padding_phone=&#8220;16%||12%||false|false&#8220; custom_padding_last_edited=&#8220;on|tablet&#8220; overflow-x_phone=&#8220;hidden&#8220; overflow-x_last_edited=&#8220;off|desktop&#8220; global_colors_info=&#8220;{}&#8220;][et_pb_text disabled_on=&#8220;off|off|off&#8220; _builder_version=&#8220;4.23&#8243; _module_preset=&#8220;default&#8220; text_font=&#8220;Open Sans SemiCondensed Bold||||||||&#8220; text_font_size=&#8220;29px&#8220; text_line_height=&#8220;1em&#8220; background_color=&#8220;#FABB00&#8243; width=&#8220;167%&#8220; width_tablet=&#8220;167%&#8220; width_phone=&#8220;110%&#8220; width_last_edited=&#8220;on|phone&#8220; overflow-x=&#8220;hidden&#8220; custom_margin=&#8220;||35px||false|false&#8220; custom_padding=&#8220;9px|150px|9px|15px|false|false&#8220; global_colors_info=&#8220;{}&#8220;]<\/p>\n<p>SCHWERIN &amp; MECKLENBURG-VORPOMMERN<\/p>\n<p>[\/et_pb_text][et_pb_text _builder_version=&#8220;4.23&#8243; _module_preset=&#8220;default&#8220; custom_padding=&#8220;||20px||false|false&#8220; global_colors_info=&#8220;{}&#8220;]<\/p>\n<p>Wir arbeiten, wo andere Urlaub machen. Mecklenburg Vorpommern hat eine lange Geschichte, malerische Landschaften, etliche Seen und die Ostsee vor der T\u00fcr. Seine geografische N\u00e4he zu Rostock, L\u00fcbeck und Hamburg macht Schwerin umso attraktiver als Lebensstadt. Das Bundesland im Nordosten Deutschlands\u00a0 ist f\u00fcr seine vielf\u00e4ltige Tier- und Pflanzenwelt bekannt, die durch zahlreiche Nationalparks und Naturreservate gesch\u00fctzt wird.<\/p>\n<p>[\/et_pb_text][et_pb_text _builder_version=&#8220;4.23&#8243; _module_preset=&#8220;default&#8220; custom_padding=&#8220;||20px||false|false&#8220; global_colors_info=&#8220;{}&#8220;]<\/p>\n<p>Als Landeshauptstadt von Mecklenburg-Vorpommern gew\u00e4hrt Schwerin einen romantischen Einblick in seine Geschichte. Die \u00e4lteste Stadt Mecklenburg-Vorpommerns und ehemailige Gro\u00dfherzogtum gew\u00e4hrt Einblicke in viele gut erhaltene Stadtviertel wie zum Beispiel die Altstadt, die Schelfstadt und Zippendorf mit seinen zahlreichen denkmalgesch\u00fctzten Geb\u00e4uden.<\/p>\n<p>[\/et_pb_text][et_pb_text _builder_version=&#8220;4.23&#8243; _module_preset=&#8220;default&#8220; custom_padding=&#8220;||30px||false|false&#8220; global_colors_info=&#8220;{}&#8220;]M\u00f6chtest du noch mehr \u00fcber Schwerin erfahren? Dann folge dem Link.[\/et_pb_text][et_pb_button button_url=&#8220;https:\/\/www.schwerin.de\/&#8220; url_new_window=&#8220;on&#8220; button_text=&#8220;Mehr \u00fcber Schwerin&#8220; _builder_version=&#8220;4.23&#8243; _module_preset=&#8220;default&#8220; global_colors_info=&#8220;{}&#8220;][\/et_pb_button][\/et_pb_column][et_pb_column type=&#8220;3_5&#8243; module_class=&#8220;mobile-col-2&#8243; _builder_version=&#8220;4.25.2&#8243; _module_preset=&#8220;default&#8220; background_image=&#8220;https:\/\/careers.sabik-offshore.com\/wp-content\/uploads\/2024\/07\/Collage_Schwerin-und-MV_03.jpg&#8220; background_size=&#8220;contain&#8220; positioning=&#8220;none&#8220; global_colors_info=&#8220;{}&#8220;][et_pb_divider _builder_version=&#8220;4.22.1&#8243; _module_preset=&#8220;default&#8220; background_enable_image=&#8220;off&#8220; min_height=&#8220;60vh&#8220; max_height=&#8220;60vh&#8220; custom_margin=&#8220;|||-108px||&#8220; locked=&#8220;off&#8220; global_colors_info=&#8220;{}&#8220;][\/et_pb_divider][\/et_pb_column][\/et_pb_row][et_pb_row column_structure=&#8220;3_5,2_5&#8243; use_custom_gutter=&#8220;on&#8220; gutter_width=&#8220;1&#8243; make_equal=&#8220;on&#8220; custom_padding_last_edited=&#8220;on|tablet&#8220; module_class=&#8220;mobile-col-order&#8220; _builder_version=&#8220;4.25.2&#8243; _module_preset=&#8220;default&#8220; positioning=&#8220;none&#8220; width=&#8220;100%&#8220; max_width=&#8220;1920px&#8220; custom_margin=&#8220;0px||30px||false|false&#8220; custom_padding=&#8220;0px||0px||false|false&#8220; custom_padding_tablet=&#8220;||||false|false&#8220; custom_padding_phone=&#8220;||||false|false&#8220; locked=&#8220;off&#8220; global_colors_info=&#8220;{}&#8220;][et_pb_column type=&#8220;3_5&#8243; module_class=&#8220;mobile-col-2&#8243; _builder_version=&#8220;4.25.2&#8243; _module_preset=&#8220;default&#8220; background_image=&#8220;https:\/\/careers.sabik-offshore.com\/wp-content\/uploads\/2024\/07\/Collage_Danemark_03.jpg&#8220; background_size=&#8220;contain&#8220; positioning=&#8220;none&#8220; global_colors_info=&#8220;{}&#8220;][et_pb_divider _builder_version=&#8220;4.22.1&#8243; _module_preset=&#8220;default&#8220; background_enable_image=&#8220;off&#8220; min_height=&#8220;60vh&#8220; max_height=&#8220;60vh&#8220; custom_margin=&#8220;|||-108px||&#8220; locked=&#8220;off&#8220; global_colors_info=&#8220;{}&#8220;][\/et_pb_divider][\/et_pb_column][et_pb_column type=&#8220;2_5&#8243; module_class=&#8220;mobile-col-1&#8243; _builder_version=&#8220;4.23&#8243; _module_preset=&#8220;default&#8220; background_color=&#8220;#FFFFFF&#8220; positioning=&#8220;none&#8220; z_index=&#8220;10&#8243; overflow-x=&#8220;hidden&#8220; custom_padding=&#8220;4%|8%|8%|8%|false|false&#8220; custom_padding_tablet=&#8220;12%|8%|2%|8%|false|false&#8220; custom_padding_phone=&#8220;16%||12%||false|false&#8220; custom_padding_last_edited=&#8220;on|tablet&#8220; overflow-x_phone=&#8220;hidden&#8220; overflow-x_last_edited=&#8220;off|desktop&#8220; global_colors_info=&#8220;{}&#8220;][et_pb_text disabled_on=&#8220;off|off|off&#8220; _builder_version=&#8220;4.23&#8243; _module_preset=&#8220;default&#8220; text_font=&#8220;Open Sans SemiCondensed Bold||||||||&#8220; text_font_size=&#8220;30px&#8220; text_line_height=&#8220;1em&#8220; background_color=&#8220;#FABB00&#8243; width=&#8220;167%&#8220; width_tablet=&#8220;167%&#8220; width_phone=&#8220;110%&#8220; width_last_edited=&#8220;on|phone&#8220; overflow-x=&#8220;hidden&#8220; custom_margin=&#8220;||35px||false|false&#8220; custom_padding=&#8220;9px|150px|9px|15px|false|false&#8220; global_colors_info=&#8220;{}&#8220;]<\/p>\n<p>D\u00c4NEMARK<\/p>\n<p>[\/et_pb_text][et_pb_text _builder_version=&#8220;4.23&#8243; _module_preset=&#8220;default&#8220; custom_padding=&#8220;||20px||false|false&#8220; global_colors_info=&#8220;{}&#8220;]<\/p>\n<p>Unser B\u00fcro in Glostrup &#8211; ganz in der N\u00e4he des Kopenhagener Zentrums &#8211; bietet nicht nur eine atemberaubende Kulisse, sondern beherbergt auch einen einladenden Besprechungsraum, in dem die Zusammenarbeit aller Beteiligten aufbl\u00fchen kann. Unser talentiertes Team besteht aus diversen engagierten Fachleuten aus den Abteilungen Vertrieb, Support und Produktmanagement.<\/p>\n<p>[\/et_pb_text][et_pb_text _builder_version=&#8220;4.25.1&#8243; _module_preset=&#8220;default&#8220; custom_padding=&#8220;||20px||false|false&#8220; global_colors_info=&#8220;{}&#8220;]<\/p>\n<p>Unsere Tochtergesellschaft Sabik Offshore A\/S hat ihren Sitz in Vejle. Eine Stadt mit nat\u00fcrlicher Sch\u00f6nheit, kultureller Vielfalt und wirtschaftlichen M\u00f6glichkeiten. Sabik Offshore A\/S spezialisiert sich auf die Herstellung von Aluminiumstrukturen, insbesondere Handl\u00e4ufen f\u00fcr Offshore Windplattformen.<\/p>\n<p>[\/et_pb_text][\/et_pb_column][\/et_pb_row][et_pb_row column_structure=&#8220;1_2,1_2&#8243; use_custom_gutter=&#8220;on&#8220; gutter_width=&#8220;1&#8243; make_equal=&#8220;on&#8220; _builder_version=&#8220;4.27.0&#8243; _module_preset=&#8220;default&#8220; width=&#8220;100%&#8220; max_width=&#8220;1920px&#8220; custom_padding=&#8220;0px||0px||false|false&#8220; global_colors_info=&#8220;{}&#8220;][et_pb_column type=&#8220;1_2&#8243; _builder_version=&#8220;4.27.0&#8243; _module_preset=&#8220;default&#8220; background_color=&#8220;#FFFFFF&#8220; custom_padding=&#8220;4%|8%|4%|8%|false|false&#8220; custom_padding_tablet=&#8220;8%||8%||false|false&#8220; custom_padding_phone=&#8220;12%|8%|12%|8%|false|false&#8220; custom_padding_last_edited=&#8220;on|phone&#8220; global_colors_info=&#8220;{}&#8220;][et_pb_text _builder_version=&#8220;4.23&#8243; _module_preset=&#8220;default&#8220; text_font=&#8220;Open Sans SemiCondensed Bold||||||||&#8220; text_text_color=&#8220;#FABB00&#8243; text_font_size=&#8220;2.5em&#8220; text_line_height=&#8220;1.2em&#8220; custom_margin=&#8220;||40px||false|false&#8220; text_font_size_tablet=&#8220;45px&#8220; text_font_size_phone=&#8220;30px&#8220; text_font_size_last_edited=&#8220;on|phone&#8220; inline_fonts=&#8220;Open Sans SemiCondensed Regular&#8220; global_colors_info=&#8220;{}&#8220;]<\/p>\n<p><span style=\"font-family: 'Open Sans SemiCondensed Regular'; font-weight: normal; color: #000000;\"><strong><span style=\"color: #fabb00;\">Wir sind<br \/><\/span><\/strong>Sabik Offshore<br \/><\/span><\/p>\n<p>[\/et_pb_text][et_pb_video src=&#8220;https:\/\/vimeo.com\/894108343?share=copy&#8220; _builder_version=&#8220;4.23&#8243; _module_preset=&#8220;default&#8220; global_colors_info=&#8220;{}&#8220;][\/et_pb_video][\/et_pb_column][et_pb_column type=&#8220;1_2&#8243; _builder_version=&#8220;4.21.0&#8243; _module_preset=&#8220;default&#8220; custom_padding=&#8220;4%|8%|4%|8%|false|false&#8220; custom_padding_tablet=&#8220;8%|8%|8%|8%|false|false&#8220; custom_padding_phone=&#8220;|8%|12%|8%|false|false&#8220; custom_padding_last_edited=&#8220;on|phone&#8220; global_colors_info=&#8220;{}&#8220;][et_pb_text _builder_version=&#8220;4.23&#8243; _module_preset=&#8220;default&#8220; text_font=&#8220;Open Sans SemiCondensed Bold||||||||&#8220; text_text_color=&#8220;#FABB00&#8243; text_font_size=&#8220;2.5em&#8220; text_line_height=&#8220;1.2em&#8220; custom_margin=&#8220;||40px||false|false&#8220; text_font_size_tablet=&#8220;45px&#8220; text_font_size_phone=&#8220;30px&#8220; text_font_size_last_edited=&#8220;on|phone&#8220; inline_fonts=&#8220;Open Sans SemiCondensed Regular&#8220; global_colors_info=&#8220;{}&#8220;]<\/p>\n<p><span style=\"font-family: 'Open Sans SemiCondensed Regular'; font-weight: normal; color: #000000;\"><strong><span style=\"color: #fabb00;\">Unsere<br \/><\/span><\/strong>Geschichte<br \/><\/span><\/p>\n<p>[\/et_pb_text][et_pb_video src=&#8220;https:\/\/vimeo.com\/user92474967\/ourstory?share=copy&#8220; _builder_version=&#8220;4.23&#8243; _module_preset=&#8220;default&#8220; global_colors_info=&#8220;{}&#8220;][\/et_pb_video][\/et_pb_column][\/et_pb_row][\/et_pb_section]<\/p>\n","protected":false},"excerpt":{"rendered":"<p>\u00dcBER UNSDer Hauptsitz von Sabik Offshore befindet sich in der bezaubernden Landeshauptstadt von Mecklenburg-Vorpommern &#8211; in Schwerin. Diese Stadt, eingebettet zwischen sieben Seen, bietet nicht nur eine inspirierende Arbeitsumgebung, sondern auch eine sch\u00f6ne Mischung aus Kultur, Natur und Lebensqualit\u00e4t.Unser Standort in Schwerin ist nicht nur der administrative Mittelpunkt unseres Unternehmen, sondern auch der zentrale Anlaufpunkt [&hellip;]<\/p>\n","protected":false},"author":1,"featured_media":0,"parent":0,"menu_order":0,"comment_status":"closed","ping_status":"closed","template":"","meta":{"_acf_changed":false,"_et_pb_use_builder":"on","_et_pb_old_content":"","_et_gb_content_width":"","footnotes":""},"class_list":["post-2815","page","type-page","status-publish","hentry"],"acf":[],"yoast_head":"<!-- This site is optimized with the Yoast SEO plugin v27.3 - https:\/\/yoast.com\/product\/yoast-seo-wordpress\/ -->\n<title>\u00dcber uns - Sabik Offshore Careers<\/title>\n<meta name=\"robots\" content=\"index, follow, max-snippet:-1, max-image-preview:large, max-video-preview:-1\" \/>\n<link rel=\"canonical\" href=\"https:\/\/careers.sabik-offshore.com\/about-us\/\" \/>\n<meta property=\"og:locale\" content=\"de_DE\" \/>\n<meta property=\"og:type\" content=\"article\" \/>\n<meta property=\"og:title\" content=\"\u00dcber uns - Sabik Offshore Careers\" \/>\n<meta property=\"og:description\" content=\"\u00dcBER UNSDer Hauptsitz von Sabik Offshore befindet sich in der bezaubernden Landeshauptstadt von Mecklenburg-Vorpommern - in Schwerin. Diese Stadt, eingebettet zwischen sieben Seen, bietet nicht nur eine inspirierende Arbeitsumgebung, sondern auch eine sch\u00f6ne Mischung aus Kultur, Natur und Lebensqualit\u00e4t.Unser Standort in Schwerin ist nicht nur der administrative Mittelpunkt unseres Unternehmen, sondern auch der zentrale Anlaufpunkt [&hellip;]\" \/>\n<meta property=\"og:url\" content=\"https:\/\/careers.sabik-offshore.com\/about-us\/\" \/>\n<meta property=\"og:site_name\" content=\"Sabik Offshore Careers\" \/>\n<meta property=\"article:modified_time\" content=\"2026-03-30T06:58:35+00:00\" \/>\n<meta name=\"twitter:card\" content=\"summary_large_image\" \/>\n<meta name=\"twitter:label1\" content=\"Gesch\u00e4tzte Lesezeit\" \/>\n\t<meta name=\"twitter:data1\" content=\"8\u00a0Minuten\" \/>\n<script type=\"application\/ld+json\" class=\"yoast-schema-graph\">{\"@context\":\"https:\\\/\\\/schema.org\",\"@graph\":[{\"@type\":\"WebPage\",\"@id\":\"https:\\\/\\\/careers.sabik-offshore.com\\\/about-us\\\/\",\"url\":\"https:\\\/\\\/careers.sabik-offshore.com\\\/about-us\\\/\",\"name\":\"\u00dcber uns - Sabik Offshore Careers\",\"isPartOf\":{\"@id\":\"https:\\\/\\\/careers.sabik-offshore.com\\\/#website\"},\"datePublished\":\"2023-11-02T08:20:34+00:00\",\"dateModified\":\"2026-03-30T06:58:35+00:00\",\"breadcrumb\":{\"@id\":\"https:\\\/\\\/careers.sabik-offshore.com\\\/about-us\\\/#breadcrumb\"},\"inLanguage\":\"de\",\"potentialAction\":[{\"@type\":\"ReadAction\",\"target\":[\"https:\\\/\\\/careers.sabik-offshore.com\\\/about-us\\\/\"]}]},{\"@type\":\"BreadcrumbList\",\"@id\":\"https:\\\/\\\/careers.sabik-offshore.com\\\/about-us\\\/#breadcrumb\",\"itemListElement\":[{\"@type\":\"ListItem\",\"position\":1,\"name\":\"Startseite\",\"item\":\"https:\\\/\\\/careers.sabik-offshore.com\\\/\"},{\"@type\":\"ListItem\",\"position\":2,\"name\":\"\u00dcber uns\"}]},{\"@type\":\"WebSite\",\"@id\":\"https:\\\/\\\/careers.sabik-offshore.com\\\/#website\",\"url\":\"https:\\\/\\\/careers.sabik-offshore.com\\\/\",\"name\":\"Sabik Offshore Careers\",\"description\":\"\",\"publisher\":{\"@id\":\"https:\\\/\\\/careers.sabik-offshore.com\\\/#organization\"},\"potentialAction\":[{\"@type\":\"SearchAction\",\"target\":{\"@type\":\"EntryPoint\",\"urlTemplate\":\"https:\\\/\\\/careers.sabik-offshore.com\\\/?s={search_term_string}\"},\"query-input\":{\"@type\":\"PropertyValueSpecification\",\"valueRequired\":true,\"valueName\":\"search_term_string\"}}],\"inLanguage\":\"de\"},{\"@type\":\"Organization\",\"@id\":\"https:\\\/\\\/careers.sabik-offshore.com\\\/#organization\",\"name\":\"Sabik Offshore Careers\",\"url\":\"https:\\\/\\\/careers.sabik-offshore.com\\\/\",\"logo\":{\"@type\":\"ImageObject\",\"inLanguage\":\"de\",\"@id\":\"https:\\\/\\\/careers.sabik-offshore.com\\\/#\\\/schema\\\/logo\\\/image\\\/\",\"url\":\"https:\\\/\\\/careers.sabik-offshore.com\\\/wp-content\\\/uploads\\\/2023\\\/06\\\/favkartoni.png\",\"contentUrl\":\"https:\\\/\\\/careers.sabik-offshore.com\\\/wp-content\\\/uploads\\\/2023\\\/06\\\/favkartoni.png\",\"width\":517,\"height\":517,\"caption\":\"Sabik Offshore Careers\"},\"image\":{\"@id\":\"https:\\\/\\\/careers.sabik-offshore.com\\\/#\\\/schema\\\/logo\\\/image\\\/\"}}]}<\/script>\n<!-- \/ Yoast SEO plugin. -->","yoast_head_json":{"title":"\u00dcber uns - Sabik Offshore Careers","robots":{"index":"index","follow":"follow","max-snippet":"max-snippet:-1","max-image-preview":"max-image-preview:large","max-video-preview":"max-video-preview:-1"},"canonical":"https:\/\/careers.sabik-offshore.com\/about-us\/","og_locale":"de_DE","og_type":"article","og_title":"\u00dcber uns - Sabik Offshore Careers","og_description":"\u00dcBER UNSDer Hauptsitz von Sabik Offshore befindet sich in der bezaubernden Landeshauptstadt von Mecklenburg-Vorpommern - in Schwerin. Diese Stadt, eingebettet zwischen sieben Seen, bietet nicht nur eine inspirierende Arbeitsumgebung, sondern auch eine sch\u00f6ne Mischung aus Kultur, Natur und Lebensqualit\u00e4t.Unser Standort in Schwerin ist nicht nur der administrative Mittelpunkt unseres Unternehmen, sondern auch der zentrale Anlaufpunkt [&hellip;]","og_url":"https:\/\/careers.sabik-offshore.com\/about-us\/","og_site_name":"Sabik Offshore Careers","article_modified_time":"2026-03-30T06:58:35+00:00","twitter_card":"summary_large_image","twitter_misc":{"Gesch\u00e4tzte Lesezeit":"8\u00a0Minuten"},"schema":{"@context":"https:\/\/schema.org","@graph":[{"@type":"WebPage","@id":"https:\/\/careers.sabik-offshore.com\/about-us\/","url":"https:\/\/careers.sabik-offshore.com\/about-us\/","name":"\u00dcber uns - Sabik Offshore Careers","isPartOf":{"@id":"https:\/\/careers.sabik-offshore.com\/#website"},"datePublished":"2023-11-02T08:20:34+00:00","dateModified":"2026-03-30T06:58:35+00:00","breadcrumb":{"@id":"https:\/\/careers.sabik-offshore.com\/about-us\/#breadcrumb"},"inLanguage":"de","potentialAction":[{"@type":"ReadAction","target":["https:\/\/careers.sabik-offshore.com\/about-us\/"]}]},{"@type":"BreadcrumbList","@id":"https:\/\/careers.sabik-offshore.com\/about-us\/#breadcrumb","itemListElement":[{"@type":"ListItem","position":1,"name":"Startseite","item":"https:\/\/careers.sabik-offshore.com\/"},{"@type":"ListItem","position":2,"name":"\u00dcber uns"}]},{"@type":"WebSite","@id":"https:\/\/careers.sabik-offshore.com\/#website","url":"https:\/\/careers.sabik-offshore.com\/","name":"Sabik Offshore Careers","description":"","publisher":{"@id":"https:\/\/careers.sabik-offshore.com\/#organization"},"potentialAction":[{"@type":"SearchAction","target":{"@type":"EntryPoint","urlTemplate":"https:\/\/careers.sabik-offshore.com\/?s={search_term_string}"},"query-input":{"@type":"PropertyValueSpecification","valueRequired":true,"valueName":"search_term_string"}}],"inLanguage":"de"},{"@type":"Organization","@id":"https:\/\/careers.sabik-offshore.com\/#organization","name":"Sabik Offshore Careers","url":"https:\/\/careers.sabik-offshore.com\/","logo":{"@type":"ImageObject","inLanguage":"de","@id":"https:\/\/careers.sabik-offshore.com\/#\/schema\/logo\/image\/","url":"https:\/\/careers.sabik-offshore.com\/wp-content\/uploads\/2023\/06\/favkartoni.png","contentUrl":"https:\/\/careers.sabik-offshore.com\/wp-content\/uploads\/2023\/06\/favkartoni.png","width":517,"height":517,"caption":"Sabik Offshore Careers"},"image":{"@id":"https:\/\/careers.sabik-offshore.com\/#\/schema\/logo\/image\/"}}]}},"_links":{"self":[{"href":"https:\/\/careers.sabik-offshore.com\/de\/wp-json\/wp\/v2\/pages\/2815","targetHints":{"allow":["GET"]}}],"collection":[{"href":"https:\/\/careers.sabik-offshore.com\/de\/wp-json\/wp\/v2\/pages"}],"about":[{"href":"https:\/\/careers.sabik-offshore.com\/de\/wp-json\/wp\/v2\/types\/page"}],"author":[{"embeddable":true,"href":"https:\/\/careers.sabik-offshore.com\/de\/wp-json\/wp\/v2\/users\/1"}],"replies":[{"embeddable":true,"href":"https:\/\/careers.sabik-offshore.com\/de\/wp-json\/wp\/v2\/comments?post=2815"}],"version-history":[{"count":10,"href":"https:\/\/careers.sabik-offshore.com\/de\/wp-json\/wp\/v2\/pages\/2815\/revisions"}],"predecessor-version":[{"id":5955,"href":"https:\/\/careers.sabik-offshore.com\/de\/wp-json\/wp\/v2\/pages\/2815\/revisions\/5955"}],"wp:attachment":[{"href":"https:\/\/careers.sabik-offshore.com\/de\/wp-json\/wp\/v2\/media?parent=2815"}],"curies":[{"name":"wp","href":"https:\/\/api.w.org\/{rel}","templated":true}]}}